{"id":148,"date":"2017-07-08T22:04:17","date_gmt":"2017-07-08T22:04:17","guid":{"rendered":"http:\/\/dodoac.org\/?page_id=148"},"modified":"2025-02-20T05:22:08","modified_gmt":"2025-02-20T05:22:08","slug":"consulta-nuestros-materiales","status":"publish","type":"page","link":"https:\/\/dodoac.org\/index.php\/consulta-nuestros-materiales\/","title":{"rendered":"Descarga nuestros materiales"},"content":{"rendered":"<div id=\"comp-iy4zvpnd\" class=\"wp2\" title=\"\" data-exact-height=\"1074\" data-content-padding-horizontal=\"0\" data-content-padding-vertical=\"0\" data-reactid=\".0.$SITE_ROOT.$desktop_siteRoot.$PAGES_CONTAINER.1.1.$SITE_PAGES.$k1nms_DESKTOP.1.$comp-iy4zvpnd\">\n<div id=\"comp-iy4zvpndlink\" class=\"wp2link\" data-reactid=\".0.$SITE_ROOT.$desktop_siteRoot.$PAGES_CONTAINER.1.1.$SITE_PAGES.$k1nms_DESKTOP.1.$comp-iy4zvpnd.0\">\n<div id=\"comp-iy4zvpndimg\" class=\"wp2img\" data-style=\"\" data-reactid=\".0.$SITE_ROOT.$desktop_siteRoot.$PAGES_CONTAINER.1.1.$SITE_PAGES.$k1nms_DESKTOP.1.$comp-iy4zvpnd.0.0\">\n<div id=\"comp-iy4zvpndimgpreloader\" class=\"wp2imgpreloader\" data-reactid=\".0.$SITE_ROOT.$desktop_siteRoot.$PAGES_CONTAINER.1.1.$SITE_PAGES.$k1nms_DESKTOP.1.$comp-iy4zvpnd.0.0.0\">\n<h2 class=\"font_2\"><\/h2>\n<\/div>\n<p><img loading=\"lazy\" decoding=\"async\" id=\"comp-iy4zvpndimgimage\" class=\"aligncenter\" src=\"https:\/\/static.wixstatic.com\/media\/94516c_4d604005b2f04cf98702dcb73d7121f9%7Emv2_d_2496_1664_s_2.jpg\/v1\/fill\/w_1274,h_1074,al_c,q_85,usm_0.66_1.00_0.01\/94516c_4d604005b2f04cf98702dcb73d7121f9%7Emv2_d_2496_1664_s_2.jpg\" alt=\"\" width=\"405\" height=\"341\" data-reactid=\".0.$SITE_ROOT.$desktop_siteRoot.$PAGES_CONTAINER.1.1.$SITE_PAGES.$k1nms_DESKTOP.1.$comp-iy4zvpnd.0.0.$image\" \/><\/p>\n<\/div>\n<\/div>\n<\/div>\n<div id=\"comp-iy4zasle\" class=\"txtNew\" data-reactid=\".0.$SITE_ROOT.$desktop_siteRoot.$PAGES_CONTAINER.1.1.$SITE_PAGES.$k1nms_DESKTOP.1.$comp-iy4zasle\">\n<h2 class=\"font_2\">Manual del Observador de Aves.<\/h2>\n<div id=\"comp-iza5hd7l\" class=\"txtNew\" data-reactid=\".0.$SITE_ROOT.$desktop_siteRoot.$PAGES_CONTAINER.1.1.$SITE_PAGES.$k1nms_DESKTOP.1.$comp-iza5hd7l\">\n<p class=\"font_8\">Elaboramos este manual para que el p\u00fablico en general aprenda a observar e identificar a las aves que se encuentra d\u00eda a d\u00eda, en el parque, el bosque o la playa. Es un manual f\u00e1cil de usar que ense\u00f1a sobre el equipo necesario, como usar y elegir unos binoculares, las principales caracter\u00edsticas de las aves, los principales h\u00e1bitats y las aves que se pueden encontrar en cada uno, el uso de las gu\u00edas de campo, y una secci\u00f3n sobre conservaci\u00f3n.<\/p>\n<p class=\"font_8\"><span class=\"wixGuard\">\u200b<\/span>Este manual ha sido utilizado por diversas organizaciones en sus talleres y cursos. Agrupaci\u00f3n Dodo lo ha utilizado en talleres para capacitar a gu\u00edas de turismo en observaci\u00f3n de aves, personal de empresas ecoturisticas, estudiantes y p\u00fablico en general.<\/p>\n<p style=\"text-align: center;\"><a href=\"http:\/\/dodoac.org\/wp-content\/uploads\/2017\/07\/manual-observador-vista-pdf.jpg\"><img loading=\"lazy\" decoding=\"async\" class=\"aligncenter size-full wp-image-150\" src=\"http:\/\/dodoac.org\/wp-content\/uploads\/2017\/07\/manual-observador-vista-pdf.jpg\" alt=\"\" width=\"133\" height=\"169\" \/><\/a><a href=\"http:\/\/dodoac.org\/wp-content\/uploads\/2017\/07\/manual-del-observador-1.pdf\">Click para descargar.<\/a><\/p>\n<\/div>\n<\/div>\n<p>&nbsp;<\/p>\n<h2 class=\"font_2\">Reintroducci\u00f3n del hur\u00f3n de patas negras.<\/h2>\n<p class=\"font_8\">El hur\u00f3n de patas negras (Mustela nigripes) es el mam\u00edfero terrestre m\u00e1s amenazado de extinci\u00f3n en Norteam\u00e9rica. Desapareci\u00f3 del medio silvestre por la reducci\u00f3n de su presa principal, el perrito llanero (Cynomys spp.), por especies t\u00f3xicas y por la perdida del h\u00e1bitat.<\/p>\n<p class=\"font_8\"><span class=\"wixGuard\">\u200b<\/span>Gracias a un programa de reproducci\u00f3n en cautiverio, la especie fue reintroducida en Shirley Basin, Wyoming en Estados Unidos en 1992. En la actualidad se han reintroducido en diversos lugares de las planicies de Norteam\u00e9rica, incluyendo Canad\u00e1 y desde el 2001 en M\u00e9xico. Donde el Instituto de Ecolog\u00eda de la UNAM inici\u00f3 el programa de reintroducci\u00f3n el cual hemos apoyado mediante las actividades de educaci\u00f3n ambiental.<\/p>\n<p class=\"font_8\">El folleto Tom el hur\u00f3n fue elaborado para informar a la poblaci\u00f3n del \u00e1rea de Janos acerca de los hurones de patas negras, su relaci\u00f3n con los perros llaneros y la importancia de su reintroducci\u00f3n<\/p>\n<p style=\"text-align: center;\"><a href=\"http:\/\/dodoac.org\/wp-content\/uploads\/2017\/07\/tom-el-huron.jpg\"><img loading=\"lazy\" decoding=\"async\" class=\"aligncenter size-full wp-image-155\" src=\"http:\/\/dodoac.org\/wp-content\/uploads\/2017\/07\/tom-el-huron.jpg\" alt=\"\" width=\"152\" height=\"174\" \/><\/a>\u00a0\u00a0\u00a0\u00a0\u00a0\u00a0\u00a0\u00a0\u00a0\u00a0\u00a0\u00a0\u00a0\u00a0\u00a0\u00a0\u00a0\u00a0\u00a0\u00a0\u00a0\u00a0\u00a0\u00a0\u00a0\u00a0\u00a0\u00a0\u00a0\u00a0\u00a0\u00a0\u00a0\u00a0\u00a0\u00a0\u00a0\u00a0\u00a0\u00a0\u00a0\u00a0\u00a0\u00a0\u00a0\u00a0\u00a0\u00a0\u00a0\u00a0\u00a0\u00a0\u00a0\u00a0\u00a0\u00a0\u00a0\u00a0\u00a0\u00a0\u00a0\u00a0\u00a0\u00a0\u00a0\u00a0\u00a0\u00a0\u00a0\u00a0\u00a0\u00a0\u00a0\u00a0\u00a0\u00a0\u00a0\u00a0\u00a0\u00a0\u00a0\u00a0\u00a0\u00a0 \u00a0\u00a0 <a href=\"http:\/\/dodoac.org\/wp-content\/uploads\/2017\/07\/tom-el-uron.pdf\">Click para descargar.<\/a><\/p>\n<p>&nbsp;<\/p>\n<h2 class=\"font_2\">Felinos de M\u00e9xico.<\/h2>\n<p style=\"text-align: left;\">Felinos de M\u00e9xico es un proyecto de conservaci\u00f3n de los felinos de M\u00e9xico. El proyecto comenz\u00f3 como una gu\u00eda para el maestro y un cuaderno de actividades sobre los felinos de la frontera norte (7 especies), sin embargo, se decidi\u00f3 incluir las 9 especies presentes en el pa\u00eds. Gracias a esta decisi\u00f3n el material ha podido usarse en los proyectos de conservaci\u00f3n de jaguar en la Reserva de la Biosfera de Calakmul y en Tamaulipas.<a href=\"http:\/\/dodoac.org\/wp-content\/uploads\/2017\/07\/felinos-de-mexico.jpg\"><img loading=\"lazy\" decoding=\"async\" class=\"aligncenter size-full wp-image-162\" src=\"http:\/\/dodoac.org\/wp-content\/uploads\/2017\/07\/felinos-de-mexico.jpg\" alt=\"\" width=\"152\" height=\"174\" \/><\/a>\u00a0\u00a0\u00a0\u00a0\u00a0\u00a0\u00a0\u00a0\u00a0\u00a0\u00a0\u00a0\u00a0\u00a0\u00a0\u00a0\u00a0\u00a0\u00a0\u00a0\u00a0\u00a0\u00a0\u00a0\u00a0\u00a0\u00a0\u00a0\u00a0\u00a0\u00a0\u00a0\u00a0\u00a0\u00a0\u00a0\u00a0\u00a0\u00a0\u00a0\u00a0\u00a0\u00a0\u00a0\u00a0\u00a0\u00a0\u00a0\u00a0\u00a0\u00a0\u00a0\u00a0\u00a0\u00a0\u00a0\u00a0\u00a0\u00a0\u00a0\u00a0\u00a0\u00a0\u00a0\u00a0\u00a0\u00a0\u00a0\u00a0\u00a0\u00a0\u00a0\u00a0\u00a0\u00a0\u00a0\u00a0\u00a0\u00a0\u00a0\u00a0\u00a0 <a href=\"http:\/\/dodoac.org\/wp-content\/uploads\/2017\/07\/felinos-de-mexico.pdf\">Click para descargar.<\/a><\/p>\n<p>&nbsp;<\/p>\n<h2 class=\"font_2\">Conservaci\u00f3n de Selvas.<\/h2>\n<div id=\"comp-izjb50v9\" class=\"txtNew\" data-reactid=\".0.$SITE_ROOT.$desktop_siteRoot.$PAGES_CONTAINER.1.1.$SITE_PAGES.$k1nms_DESKTOP.1.$comp-izjb50v9\">\n<p class=\"font_8\">El prop\u00f3sito de este proyecto es desarrollar un programa de educaci\u00f3n ambiental para comunidades locales en el \u00e1rea de la reserva de la biosfera de Calakmul. Se laboraron materiales educativos para crear conciencia sobre la importancia de la conservaci\u00f3n de la selva tropical y de sus aves. Este proyecto est\u00e1 localizado en Calakmul, Campeche, M\u00e9xico.<\/p>\n<p class=\"font_8\"><span class=\"wixGuard\">\u200b<\/span>Los materiales consisten en una gu\u00eda para el maestro con 10 actividades para realizar con los alumnos. El cuaderno de actividades para ni\u00f1os tiene juegos que refuerzan la informaci\u00f3n dada durante los diferentes lecciones de la gu\u00eda para el maestro.<\/p>\n<p class=\"font_8\">Nuestros materiales pueden descargarse libremente, s\u00f3lo te pedimos los informes para sobre el uso que les des y nos des el cr\u00e9dito corespondiente.<\/p>\n<p><a href=\"http:\/\/dodoac.org\/wp-content\/uploads\/2017\/07\/conservacion-selvas.jpg\"><img loading=\"lazy\" decoding=\"async\" class=\"aligncenter size-full wp-image-164\" src=\"http:\/\/dodoac.org\/wp-content\/uploads\/2017\/07\/conservacion-selvas.jpg\" alt=\"\" width=\"152\" height=\"174\" \/><\/a><\/p>\n<p style=\"text-align: center;\"><a href=\"http:\/\/dodoac.org\/wp-content\/uploads\/2017\/07\/conservacion-de-selvas.pdf\">Click para descargar.<\/a><\/p>\n<p>&nbsp;<\/p>\n<h2 class=\"font_2\">El pastizal y sus aves.<\/h2>\n<p>Elaboramos un manual para el maestro y un cuaderno de actividades para ni\u00f1os con el tema el pastizal y sus aves. La gu\u00eda para el maestro contiene 10 actividades que se pueden hacer en cualquier orden. \u00c9ste material est\u00e1 en blanco y negro tama\u00f1o carta, por lo que es f\u00e1cil de imprimir y fotocopiar para su uso en el sal\u00f3n de clases.<\/p>\n<p style=\"text-align: center;\"><a href=\"http:\/\/dodoac.org\/wp-content\/uploads\/2017\/07\/pastizales.jpg\"><img loading=\"lazy\" decoding=\"async\" class=\"aligncenter size-full wp-image-166\" src=\"http:\/\/dodoac.org\/wp-content\/uploads\/2017\/07\/pastizales.jpg\" alt=\"\" width=\"152\" height=\"174\" \/><\/a>\u00a0\u00a0\u00a0\u00a0\u00a0\u00a0\u00a0\u00a0\u00a0\u00a0\u00a0\u00a0\u00a0\u00a0\u00a0\u00a0\u00a0\u00a0\u00a0\u00a0\u00a0\u00a0\u00a0\u00a0\u00a0\u00a0\u00a0\u00a0\u00a0\u00a0\u00a0\u00a0\u00a0\u00a0\u00a0\u00a0\u00a0\u00a0\u00a0\u00a0\u00a0\u00a0\u00a0\u00a0\u00a0\u00a0\u00a0\u00a0\u00a0\u00a0\u00a0\u00a0\u00a0\u00a0\u00a0\u00a0\u00a0\u00a0\u00a0\u00a0\u00a0\u00a0\u00a0\u00a0\u00a0\u00a0\u00a0\u00a0\u00a0\u00a0\u00a0\u00a0\u00a0\u00a0\u00a0\u00a0\u00a0\u00a0\u00a0\u00a0\u00a0\u00a0 <a href=\"http:\/\/dodoac.org\/wp-content\/uploads\/2017\/07\/passtizal-y-sus-aves.pdf\">Click para descargar.<\/a><\/p>\n<div id=\"comp-iza7sbml\" class=\"txtNew\">\n<h2 class=\"font_2\">Comic Pasi\u00f3n en la Pradera<\/h2>\n<\/div>\n<div id=\"comp-iza7t11x\" class=\"txtNew\">\n<p class=\"font_8\">Para informar a la poblaci\u00f3n local de la importancia de Janos, utilizamos el lenguaje accesible de la historieta como parte de un programa de educaci\u00f3n ambiental.<\/p>\n<p class=\"font_8\">La historieta fue elaborada conjuntamente con Naturalia A.C. y con el apoyo de Grupo Mart\u00edn.<\/p>\n<\/div>\n<div id=\"comp-iza7v7zo\" class=\"txtNew\">\u00a0<a href=\"http:\/\/dodoac.org\/wp-content\/uploads\/2018\/01\/Pasion-en-la-pradera-final.pdf\"><img loading=\"lazy\" decoding=\"async\" class=\"size-medium wp-image-275 aligncenter\" src=\"http:\/\/dodoac.org\/wp-content\/uploads\/2018\/01\/Portada-pasion-web-239x300.jpg\" alt=\"\" width=\"239\" height=\"300\" srcset=\"https:\/\/dodoac.org\/wp-content\/uploads\/2018\/01\/Portada-pasion-web-239x300.jpg 239w, https:\/\/dodoac.org\/wp-content\/uploads\/2018\/01\/Portada-pasion-web-120x150.jpg 120w, https:\/\/dodoac.org\/wp-content\/uploads\/2018\/01\/Portada-pasion-web.jpg 319w\" sizes=\"auto, (max-width: 239px) 100vw, 239px\" \/><\/a><\/div>\n<div>\u00a0 \u00a0 \u00a0 \u00a0 \u00a0 \u00a0 \u00a0 \u00a0 \u00a0 \u00a0 \u00a0 \u00a0 \u00a0 \u00a0 \u00a0 \u00a0 \u00a0 \u00a0 \u00a0 \u00a0 \u00a0 \u00a0 \u00a0 \u00a0 \u00a0 \u00a0 \u00a0 \u00a0 \u00a0 \u00a0 \u00a0 \u00a0 \u00a0 \u00a0 \u00a0 \u00a0 \u00a0 \u00a0 \u00a0 \u00a0 \u00a0 \u00a0 \u00a0 \u00a0 \u00a0 \u00a0 \u00a0 \u00a0 \u00a0 \u00a0 \u00a0 \u00a0 \u00a0 \u00a0 \u00a0 \u00a0 \u00a0 \u00a0 \u00a0 \u00a0 \u00a0 \u00a0\u00a0<a href=\"http:\/\/dodoac.org\/wp-content\/uploads\/2018\/01\/Pasion-en-la-pradera-final.pdf\">Click aqu\u00ed para descargar<\/a><\/div>\n<\/div>\n","protected":false},"excerpt":{"rendered":"<p>Manual del Observador de Aves. Elaboramos este manual para que el p\u00fablico en general aprenda a observar e identificar a las aves que se encuentra d\u00eda a d\u00eda, en el parque, el bosque o la playa. Es un manual f\u00e1cil de usar que ense\u00f1a sobre el equipo necesario, como usar y elegir unos binoculares, las [&hellip;]<\/p>\n","protected":false},"author":1,"featured_media":0,"parent":0,"menu_order":0,"comment_status":"closed","ping_status":"closed","template":"","meta":{"footnotes":""},"class_list":["post-148","page","type-page","status-publish","hentry"],"blocksy_meta":[],"_links":{"self":[{"href":"https:\/\/dodoac.org\/index.php\/wp-json\/wp\/v2\/pages\/148","targetHints":{"allow":["GET"]}}],"collection":[{"href":"https:\/\/dodoac.org\/index.php\/wp-json\/wp\/v2\/pages"}],"about":[{"href":"https:\/\/dodoac.org\/index.php\/wp-json\/wp\/v2\/types\/page"}],"author":[{"embeddable":true,"href":"https:\/\/dodoac.org\/index.php\/wp-json\/wp\/v2\/users\/1"}],"replies":[{"embeddable":true,"href":"https:\/\/dodoac.org\/index.php\/wp-json\/wp\/v2\/comments?post=148"}],"version-history":[{"count":12,"href":"https:\/\/dodoac.org\/index.php\/wp-json\/wp\/v2\/pages\/148\/revisions"}],"predecessor-version":[{"id":680,"href":"https:\/\/dodoac.org\/index.php\/wp-json\/wp\/v2\/pages\/148\/revisions\/680"}],"wp:attachment":[{"href":"https:\/\/dodoac.org\/index.php\/wp-json\/wp\/v2\/media?parent=148"}],"curies":[{"name":"wp","href":"https:\/\/api.w.org\/{rel}","templated":true}]}}