{"id":179,"date":"2017-07-08T23:02:45","date_gmt":"2017-07-08T23:02:45","guid":{"rendered":"http:\/\/dodoac.org\/?page_id=179"},"modified":"2018-01-10T01:07:35","modified_gmt":"2018-01-10T01:07:35","slug":"exposicion-fotografica-janos-y-los-pastizales-de-norteamerica","status":"publish","type":"page","link":"https:\/\/dodoac.org\/index.php\/sample-page\/exposicion-fotografica-janos-y-los-pastizales-de-norteamerica\/","title":{"rendered":"Exposici\u00f3n Fotogr\u00e1fica: Janos y los Pastizales de Norteam\u00e9rica."},"content":{"rendered":"<div id=\"comp-iza8lakp\" class=\"txtNew\" data-reactid=\".0.$SITE_ROOT.$desktop_siteRoot.$PAGES_CONTAINER.1.1.$SITE_PAGES.$iqq4q_DESKTOP.1.$comp-iza8lakp\">\n<p class=\"font_8\">Los pastizales templados de Norteam\u00e9rica han jugado un papel fundamental en la historia de las tres naciones que comparten este ecosistema, y los alimentos que aqu\u00ed se producen llegan a cientos de millones de personas. A pesar de esto, la importancia de los pastizales en el mantenimiento de servicios ambientales y de la riqueza biol\u00f3gica de Norteam\u00e9rica no ha sido suficientemente reconocida, siendo uno de los biomas m\u00e1s alterados y menos protegidos del mundo.<\/p>\n<p class=\"font_8\"><span class=\"wixGuard\">\u200b<\/span>Agrupaci\u00f3n Dodo A.C., Agrupaci\u00f3n Pradera A.C., Agrupaci\u00f3n Sierra Madre, Comisi\u00f3n para la Cooperaci\u00f3n Ambiental, J.M. Kaplan Fund, Instituto de Ecolog\u00eda UNAM, The Nature Conservancy y Unidos para la conservaci\u00f3n A.C., montaron una exposici\u00f3n fotogr\u00e1fica que muestra la importancia biol\u00f3gica y la interdependencia existente entre los pastizales de Norteam\u00e9rica, en un viaje pict\u00f3rico por los pastizales de Canad\u00e1, Estados Unidos y M\u00e9xico en el que se puede apreciar la belleza de paisajes y la riqueza de sus especies. La exposici\u00f3n titulada &#8220;Janos y los Pastizales de Norteam\u00e9rica&#8221;, consta de 50 fotograf\u00edas de reconocidos fot\u00f3grafos e investigadores como Jim Brandemburg, Michael Calderwood, Gerardo Ceballos, Jack Dikynga, Fulvio Eccardi, John Harris, Don MacCarter, Wayne Lynch, Rurik List, Oscar Moctezuma, Patricio Robles Gil, Wendy Shattil\/Bob Rozinki y George Wuerthner.<\/p>\n<p><a href=\"http:\/\/dodoac.org\/wp-content\/uploads\/2017\/07\/1.jpg\"><img loading=\"lazy\" decoding=\"async\" class=\"aligncenter wp-image-215 size-full\" src=\"http:\/\/dodoac.org\/wp-content\/uploads\/2018\/01\/Expo01.jpg\" alt=\"\" width=\"1000\" height=\"800\" srcset=\"https:\/\/dodoac.org\/wp-content\/uploads\/2018\/01\/Expo01.jpg 1000w, https:\/\/dodoac.org\/wp-content\/uploads\/2018\/01\/Expo01-300x240.jpg 300w, https:\/\/dodoac.org\/wp-content\/uploads\/2018\/01\/Expo01-768x614.jpg 768w\" sizes=\"auto, (max-width: 1000px) 100vw, 1000px\" \/><img loading=\"lazy\" decoding=\"async\" class=\"aligncenter size-full wp-image-180\" src=\"http:\/\/dodoac.org\/wp-content\/uploads\/2017\/07\/1.jpg\" alt=\"\" width=\"720\" height=\"540\" srcset=\"https:\/\/dodoac.org\/wp-content\/uploads\/2017\/07\/1.jpg 720w, https:\/\/dodoac.org\/wp-content\/uploads\/2017\/07\/1-300x225.jpg 300w\" sizes=\"auto, (max-width: 720px) 100vw, 720px\" \/><\/a> <a href=\"http:\/\/dodoac.org\/wp-content\/uploads\/2017\/07\/2.jpg\"><img loading=\"lazy\" decoding=\"async\" class=\"aligncenter size-full wp-image-181\" src=\"http:\/\/dodoac.org\/wp-content\/uploads\/2017\/07\/2.jpg\" alt=\"\" width=\"720\" height=\"540\" srcset=\"https:\/\/dodoac.org\/wp-content\/uploads\/2017\/07\/2.jpg 720w, https:\/\/dodoac.org\/wp-content\/uploads\/2017\/07\/2-300x225.jpg 300w\" sizes=\"auto, (max-width: 720px) 100vw, 720px\" \/><\/a> <a href=\"http:\/\/dodoac.org\/wp-content\/uploads\/2017\/07\/3.jpg\"><img loading=\"lazy\" decoding=\"async\" class=\"aligncenter size-full wp-image-182\" src=\"http:\/\/dodoac.org\/wp-content\/uploads\/2017\/07\/3.jpg\" alt=\"\" width=\"720\" height=\"540\" srcset=\"https:\/\/dodoac.org\/wp-content\/uploads\/2017\/07\/3.jpg 720w, https:\/\/dodoac.org\/wp-content\/uploads\/2017\/07\/3-300x225.jpg 300w\" sizes=\"auto, (max-width: 720px) 100vw, 720px\" \/><\/a> <a href=\"http:\/\/dodoac.org\/wp-content\/uploads\/2017\/07\/4.jpg\"><img loading=\"lazy\" decoding=\"async\" class=\"aligncenter size-full wp-image-183\" src=\"http:\/\/dodoac.org\/wp-content\/uploads\/2017\/07\/4.jpg\" alt=\"\" width=\"720\" height=\"540\" srcset=\"https:\/\/dodoac.org\/wp-content\/uploads\/2017\/07\/4.jpg 720w, https:\/\/dodoac.org\/wp-content\/uploads\/2017\/07\/4-300x225.jpg 300w\" sizes=\"auto, (max-width: 720px) 100vw, 720px\" \/><\/a> <a href=\"http:\/\/dodoac.org\/wp-content\/uploads\/2017\/07\/5.jpg\"><img loading=\"lazy\" decoding=\"async\" class=\"aligncenter size-full wp-image-184\" src=\"http:\/\/dodoac.org\/wp-content\/uploads\/2017\/07\/5.jpg\" alt=\"\" width=\"720\" height=\"540\" srcset=\"https:\/\/dodoac.org\/wp-content\/uploads\/2017\/07\/5.jpg 720w, https:\/\/dodoac.org\/wp-content\/uploads\/2017\/07\/5-300x225.jpg 300w\" sizes=\"auto, (max-width: 720px) 100vw, 720px\" \/><\/a> <a href=\"http:\/\/dodoac.org\/wp-content\/uploads\/2017\/07\/6.jpg\"><img loading=\"lazy\" decoding=\"async\" class=\"aligncenter size-full wp-image-185\" src=\"http:\/\/dodoac.org\/wp-content\/uploads\/2017\/07\/6.jpg\" alt=\"\" width=\"720\" height=\"540\" srcset=\"https:\/\/dodoac.org\/wp-content\/uploads\/2017\/07\/6.jpg 720w, https:\/\/dodoac.org\/wp-content\/uploads\/2017\/07\/6-300x225.jpg 300w\" sizes=\"auto, (max-width: 720px) 100vw, 720px\" \/><\/a><img loading=\"lazy\" decoding=\"async\" class=\"aligncenter wp-image-217 \" src=\"http:\/\/dodoac.org\/wp-content\/uploads\/2018\/01\/Expo03.jpg\" alt=\"\" width=\"712\" height=\"534\" srcset=\"https:\/\/dodoac.org\/wp-content\/uploads\/2018\/01\/Expo03.jpg 720w, https:\/\/dodoac.org\/wp-content\/uploads\/2018\/01\/Expo03-300x225.jpg 300w\" sizes=\"auto, (max-width: 712px) 100vw, 712px\" \/><img loading=\"lazy\" decoding=\"async\" class=\"aligncenter wp-image-216 \" src=\"http:\/\/dodoac.org\/wp-content\/uploads\/2018\/01\/Expo02.jpg\" alt=\"\" width=\"712\" height=\"534\" srcset=\"https:\/\/dodoac.org\/wp-content\/uploads\/2018\/01\/Expo02.jpg 720w, https:\/\/dodoac.org\/wp-content\/uploads\/2018\/01\/Expo02-300x225.jpg 300w\" sizes=\"auto, (max-width: 712px) 100vw, 712px\" \/><\/p>\n<p><img loading=\"lazy\" decoding=\"async\" class=\"aligncenter wp-image-218 size-full\" src=\"http:\/\/dodoac.org\/wp-content\/uploads\/2018\/01\/Expo04.jpg\" alt=\"\" width=\"720\" height=\"540\" srcset=\"https:\/\/dodoac.org\/wp-content\/uploads\/2018\/01\/Expo04.jpg 720w, https:\/\/dodoac.org\/wp-content\/uploads\/2018\/01\/Expo04-300x225.jpg 300w\" sizes=\"auto, (max-width: 720px) 100vw, 720px\" \/><img loading=\"lazy\" decoding=\"async\" class=\"aligncenter wp-image-219 size-full\" src=\"http:\/\/dodoac.org\/wp-content\/uploads\/2018\/01\/Expo05.jpg\" alt=\"\" width=\"720\" height=\"540\" srcset=\"https:\/\/dodoac.org\/wp-content\/uploads\/2018\/01\/Expo05.jpg 720w, https:\/\/dodoac.org\/wp-content\/uploads\/2018\/01\/Expo05-300x225.jpg 300w\" sizes=\"auto, (max-width: 720px) 100vw, 720px\" \/><img loading=\"lazy\" decoding=\"async\" class=\"aligncenter wp-image-220 size-full\" src=\"http:\/\/dodoac.org\/wp-content\/uploads\/2018\/01\/Expo06.jpg\" alt=\"\" width=\"720\" height=\"540\" srcset=\"https:\/\/dodoac.org\/wp-content\/uploads\/2018\/01\/Expo06.jpg 720w, https:\/\/dodoac.org\/wp-content\/uploads\/2018\/01\/Expo06-300x225.jpg 300w\" sizes=\"auto, (max-width: 720px) 100vw, 720px\" \/><img loading=\"lazy\" decoding=\"async\" class=\"aligncenter wp-image-221 size-full\" src=\"http:\/\/dodoac.org\/wp-content\/uploads\/2018\/01\/Expo07.jpg\" alt=\"\" width=\"720\" height=\"540\" srcset=\"https:\/\/dodoac.org\/wp-content\/uploads\/2018\/01\/Expo07.jpg 720w, https:\/\/dodoac.org\/wp-content\/uploads\/2018\/01\/Expo07-300x225.jpg 300w\" sizes=\"auto, (max-width: 720px) 100vw, 720px\" \/><img loading=\"lazy\" decoding=\"async\" class=\"aligncenter wp-image-222 size-full\" src=\"http:\/\/dodoac.org\/wp-content\/uploads\/2018\/01\/Expo08.jpg\" alt=\"\" width=\"720\" height=\"540\" srcset=\"https:\/\/dodoac.org\/wp-content\/uploads\/2018\/01\/Expo08.jpg 720w, https:\/\/dodoac.org\/wp-content\/uploads\/2018\/01\/Expo08-300x225.jpg 300w\" sizes=\"auto, (max-width: 720px) 100vw, 720px\" \/><img loading=\"lazy\" decoding=\"async\" class=\"aligncenter wp-image-223 size-full\" src=\"http:\/\/dodoac.org\/wp-content\/uploads\/2018\/01\/Expo09.jpg\" alt=\"\" width=\"720\" height=\"540\" srcset=\"https:\/\/dodoac.org\/wp-content\/uploads\/2018\/01\/Expo09.jpg 720w, https:\/\/dodoac.org\/wp-content\/uploads\/2018\/01\/Expo09-300x225.jpg 300w\" sizes=\"auto, (max-width: 720px) 100vw, 720px\" \/><img loading=\"lazy\" decoding=\"async\" class=\"aligncenter wp-image-224 size-full\" src=\"http:\/\/dodoac.org\/wp-content\/uploads\/2018\/01\/Expo10.jpg\" alt=\"\" width=\"720\" height=\"540\" srcset=\"https:\/\/dodoac.org\/wp-content\/uploads\/2018\/01\/Expo10.jpg 720w, https:\/\/dodoac.org\/wp-content\/uploads\/2018\/01\/Expo10-300x225.jpg 300w\" sizes=\"auto, (max-width: 720px) 100vw, 720px\" \/><img loading=\"lazy\" decoding=\"async\" class=\"aligncenter wp-image-225 size-full\" src=\"http:\/\/dodoac.org\/wp-content\/uploads\/2018\/01\/Expo11.jpg\" alt=\"\" width=\"720\" height=\"540\" srcset=\"https:\/\/dodoac.org\/wp-content\/uploads\/2018\/01\/Expo11.jpg 720w, https:\/\/dodoac.org\/wp-content\/uploads\/2018\/01\/Expo11-300x225.jpg 300w\" sizes=\"auto, (max-width: 720px) 100vw, 720px\" \/><img loading=\"lazy\" decoding=\"async\" class=\"aligncenter wp-image-226 size-full\" src=\"http:\/\/dodoac.org\/wp-content\/uploads\/2018\/01\/Expo12.jpg\" alt=\"\" width=\"720\" height=\"540\" srcset=\"https:\/\/dodoac.org\/wp-content\/uploads\/2018\/01\/Expo12.jpg 720w, https:\/\/dodoac.org\/wp-content\/uploads\/2018\/01\/Expo12-300x225.jpg 300w\" sizes=\"auto, (max-width: 720px) 100vw, 720px\" \/><img loading=\"lazy\" decoding=\"async\" class=\"aligncenter wp-image-227 size-full\" src=\"http:\/\/dodoac.org\/wp-content\/uploads\/2018\/01\/Expo13.jpg\" alt=\"\" width=\"720\" height=\"540\" srcset=\"https:\/\/dodoac.org\/wp-content\/uploads\/2018\/01\/Expo13.jpg 720w, https:\/\/dodoac.org\/wp-content\/uploads\/2018\/01\/Expo13-300x225.jpg 300w\" sizes=\"auto, (max-width: 720px) 100vw, 720px\" \/><img loading=\"lazy\" decoding=\"async\" class=\"aligncenter wp-image-228 size-full\" src=\"http:\/\/dodoac.org\/wp-content\/uploads\/2018\/01\/Expo14.jpg\" alt=\"\" width=\"720\" height=\"540\" srcset=\"https:\/\/dodoac.org\/wp-content\/uploads\/2018\/01\/Expo14.jpg 720w, https:\/\/dodoac.org\/wp-content\/uploads\/2018\/01\/Expo14-300x225.jpg 300w\" sizes=\"auto, (max-width: 720px) 100vw, 720px\" \/><img loading=\"lazy\" decoding=\"async\" class=\"aligncenter wp-image-229 size-full\" src=\"http:\/\/dodoac.org\/wp-content\/uploads\/2018\/01\/Expo15.jpg\" alt=\"\" width=\"720\" height=\"540\" srcset=\"https:\/\/dodoac.org\/wp-content\/uploads\/2018\/01\/Expo15.jpg 720w, https:\/\/dodoac.org\/wp-content\/uploads\/2018\/01\/Expo15-300x225.jpg 300w\" sizes=\"auto, (max-width: 720px) 100vw, 720px\" \/><img loading=\"lazy\" decoding=\"async\" class=\"aligncenter wp-image-230 size-full\" src=\"http:\/\/dodoac.org\/wp-content\/uploads\/2018\/01\/Expo16.jpg\" alt=\"\" width=\"720\" height=\"540\" srcset=\"https:\/\/dodoac.org\/wp-content\/uploads\/2018\/01\/Expo16.jpg 720w, https:\/\/dodoac.org\/wp-content\/uploads\/2018\/01\/Expo16-300x225.jpg 300w\" sizes=\"auto, (max-width: 720px) 100vw, 720px\" \/><img loading=\"lazy\" decoding=\"async\" class=\"aligncenter wp-image-233 size-full\" src=\"http:\/\/dodoac.org\/wp-content\/uploads\/2018\/01\/Expo19.jpg\" alt=\"\" width=\"720\" height=\"540\" srcset=\"https:\/\/dodoac.org\/wp-content\/uploads\/2018\/01\/Expo19.jpg 720w, https:\/\/dodoac.org\/wp-content\/uploads\/2018\/01\/Expo19-300x225.jpg 300w\" sizes=\"auto, (max-width: 720px) 100vw, 720px\" \/><img loading=\"lazy\" decoding=\"async\" class=\"aligncenter wp-image-231 size-full\" src=\"http:\/\/dodoac.org\/wp-content\/uploads\/2018\/01\/Expo17.jpg\" alt=\"\" width=\"720\" height=\"540\" srcset=\"https:\/\/dodoac.org\/wp-content\/uploads\/2018\/01\/Expo17.jpg 720w, https:\/\/dodoac.org\/wp-content\/uploads\/2018\/01\/Expo17-300x225.jpg 300w\" sizes=\"auto, (max-width: 720px) 100vw, 720px\" \/><img loading=\"lazy\" decoding=\"async\" class=\"aligncenter wp-image-232 size-full\" src=\"http:\/\/dodoac.org\/wp-content\/uploads\/2018\/01\/Expo18.jpg\" alt=\"\" width=\"720\" height=\"540\" srcset=\"https:\/\/dodoac.org\/wp-content\/uploads\/2018\/01\/Expo18.jpg 720w, https:\/\/dodoac.org\/wp-content\/uploads\/2018\/01\/Expo18-300x225.jpg 300w\" sizes=\"auto, (max-width: 720px) 100vw, 720px\" \/><img loading=\"lazy\" decoding=\"async\" class=\"aligncenter wp-image-233 size-full\" src=\"http:\/\/dodoac.org\/wp-content\/uploads\/2018\/01\/Expo19.jpg\" alt=\"\" width=\"720\" height=\"540\" srcset=\"https:\/\/dodoac.org\/wp-content\/uploads\/2018\/01\/Expo19.jpg 720w, https:\/\/dodoac.org\/wp-content\/uploads\/2018\/01\/Expo19-300x225.jpg 300w\" sizes=\"auto, (max-width: 720px) 100vw, 720px\" \/><img loading=\"lazy\" decoding=\"async\" class=\"aligncenter wp-image-234 size-full\" src=\"http:\/\/dodoac.org\/wp-content\/uploads\/2018\/01\/Expo20.jpg\" alt=\"\" width=\"720\" height=\"540\" srcset=\"https:\/\/dodoac.org\/wp-content\/uploads\/2018\/01\/Expo20.jpg 720w, https:\/\/dodoac.org\/wp-content\/uploads\/2018\/01\/Expo20-300x225.jpg 300w\" sizes=\"auto, (max-width: 720px) 100vw, 720px\" \/><img loading=\"lazy\" decoding=\"async\" class=\"aligncenter wp-image-235 size-full\" src=\"http:\/\/dodoac.org\/wp-content\/uploads\/2018\/01\/Expo21.jpg\" alt=\"\" width=\"720\" height=\"540\" srcset=\"https:\/\/dodoac.org\/wp-content\/uploads\/2018\/01\/Expo21.jpg 720w, https:\/\/dodoac.org\/wp-content\/uploads\/2018\/01\/Expo21-300x225.jpg 300w\" sizes=\"auto, (max-width: 720px) 100vw, 720px\" \/><img loading=\"lazy\" decoding=\"async\" class=\"aligncenter wp-image-236 size-full\" src=\"http:\/\/dodoac.org\/wp-content\/uploads\/2018\/01\/Expo22.jpg\" alt=\"\" width=\"720\" height=\"540\" srcset=\"https:\/\/dodoac.org\/wp-content\/uploads\/2018\/01\/Expo22.jpg 720w, https:\/\/dodoac.org\/wp-content\/uploads\/2018\/01\/Expo22-300x225.jpg 300w\" sizes=\"auto, (max-width: 720px) 100vw, 720px\" \/><img loading=\"lazy\" decoding=\"async\" class=\"aligncenter wp-image-237 size-full\" src=\"http:\/\/dodoac.org\/wp-content\/uploads\/2018\/01\/Expo23.jpg\" alt=\"\" width=\"720\" height=\"540\" srcset=\"https:\/\/dodoac.org\/wp-content\/uploads\/2018\/01\/Expo23.jpg 720w, https:\/\/dodoac.org\/wp-content\/uploads\/2018\/01\/Expo23-300x225.jpg 300w\" sizes=\"auto, (max-width: 720px) 100vw, 720px\" \/><img loading=\"lazy\" decoding=\"async\" class=\"aligncenter wp-image-238 size-full\" src=\"http:\/\/dodoac.org\/wp-content\/uploads\/2018\/01\/Expo24.jpg\" alt=\"\" width=\"720\" height=\"540\" srcset=\"https:\/\/dodoac.org\/wp-content\/uploads\/2018\/01\/Expo24.jpg 720w, https:\/\/dodoac.org\/wp-content\/uploads\/2018\/01\/Expo24-300x225.jpg 300w\" sizes=\"auto, (max-width: 720px) 100vw, 720px\" \/><img loading=\"lazy\" decoding=\"async\" class=\"aligncenter wp-image-239 size-full\" src=\"http:\/\/dodoac.org\/wp-content\/uploads\/2018\/01\/Expo25.jpg\" alt=\"\" width=\"720\" height=\"540\" srcset=\"https:\/\/dodoac.org\/wp-content\/uploads\/2018\/01\/Expo25.jpg 720w, https:\/\/dodoac.org\/wp-content\/uploads\/2018\/01\/Expo25-300x225.jpg 300w\" sizes=\"auto, (max-width: 720px) 100vw, 720px\" \/><img loading=\"lazy\" decoding=\"async\" class=\"aligncenter wp-image-240 size-full\" src=\"http:\/\/dodoac.org\/wp-content\/uploads\/2018\/01\/Expo26.jpg\" alt=\"\" width=\"720\" height=\"540\" srcset=\"https:\/\/dodoac.org\/wp-content\/uploads\/2018\/01\/Expo26.jpg 720w, https:\/\/dodoac.org\/wp-content\/uploads\/2018\/01\/Expo26-300x225.jpg 300w\" sizes=\"auto, (max-width: 720px) 100vw, 720px\" \/><img loading=\"lazy\" decoding=\"async\" class=\"aligncenter wp-image-241 size-full\" src=\"http:\/\/dodoac.org\/wp-content\/uploads\/2018\/01\/Expo27.jpg\" alt=\"\" width=\"720\" height=\"540\" srcset=\"https:\/\/dodoac.org\/wp-content\/uploads\/2018\/01\/Expo27.jpg 720w, https:\/\/dodoac.org\/wp-content\/uploads\/2018\/01\/Expo27-300x225.jpg 300w\" sizes=\"auto, (max-width: 720px) 100vw, 720px\" \/><img loading=\"lazy\" decoding=\"async\" class=\"aligncenter wp-image-242 size-full\" src=\"http:\/\/dodoac.org\/wp-content\/uploads\/2018\/01\/Expo28.jpg\" alt=\"\" width=\"720\" height=\"540\" srcset=\"https:\/\/dodoac.org\/wp-content\/uploads\/2018\/01\/Expo28.jpg 720w, https:\/\/dodoac.org\/wp-content\/uploads\/2018\/01\/Expo28-300x225.jpg 300w\" sizes=\"auto, (max-width: 720px) 100vw, 720px\" \/><img loading=\"lazy\" decoding=\"async\" class=\"aligncenter wp-image-243 size-full\" src=\"http:\/\/dodoac.org\/wp-content\/uploads\/2018\/01\/Expo29.jpg\" alt=\"\" width=\"720\" height=\"540\" srcset=\"https:\/\/dodoac.org\/wp-content\/uploads\/2018\/01\/Expo29.jpg 720w, https:\/\/dodoac.org\/wp-content\/uploads\/2018\/01\/Expo29-300x225.jpg 300w\" sizes=\"auto, (max-width: 720px) 100vw, 720px\" \/><img loading=\"lazy\" decoding=\"async\" class=\"aligncenter wp-image-244 size-full\" src=\"http:\/\/dodoac.org\/wp-content\/uploads\/2018\/01\/Expo30.jpg\" alt=\"\" width=\"720\" height=\"540\" srcset=\"https:\/\/dodoac.org\/wp-content\/uploads\/2018\/01\/Expo30.jpg 720w, https:\/\/dodoac.org\/wp-content\/uploads\/2018\/01\/Expo30-300x225.jpg 300w\" sizes=\"auto, (max-width: 720px) 100vw, 720px\" \/><img loading=\"lazy\" decoding=\"async\" class=\"aligncenter wp-image-245 size-full\" src=\"http:\/\/dodoac.org\/wp-content\/uploads\/2018\/01\/Expo31.jpg\" alt=\"\" width=\"720\" height=\"540\" srcset=\"https:\/\/dodoac.org\/wp-content\/uploads\/2018\/01\/Expo31.jpg 720w, https:\/\/dodoac.org\/wp-content\/uploads\/2018\/01\/Expo31-300x225.jpg 300w\" sizes=\"auto, (max-width: 720px) 100vw, 720px\" \/><img loading=\"lazy\" decoding=\"async\" class=\"aligncenter wp-image-246 size-full\" src=\"http:\/\/dodoac.org\/wp-content\/uploads\/2018\/01\/Expo32.jpg\" alt=\"\" width=\"720\" height=\"540\" srcset=\"https:\/\/dodoac.org\/wp-content\/uploads\/2018\/01\/Expo32.jpg 720w, https:\/\/dodoac.org\/wp-content\/uploads\/2018\/01\/Expo32-300x225.jpg 300w\" sizes=\"auto, (max-width: 720px) 100vw, 720px\" \/><img loading=\"lazy\" decoding=\"async\" class=\"aligncenter wp-image-247 size-full\" src=\"http:\/\/dodoac.org\/wp-content\/uploads\/2018\/01\/Expo33.jpg\" alt=\"\" width=\"720\" height=\"540\" srcset=\"https:\/\/dodoac.org\/wp-content\/uploads\/2018\/01\/Expo33.jpg 720w, https:\/\/dodoac.org\/wp-content\/uploads\/2018\/01\/Expo33-300x225.jpg 300w\" sizes=\"auto, (max-width: 720px) 100vw, 720px\" \/><img loading=\"lazy\" decoding=\"async\" class=\"aligncenter wp-image-248 size-full\" src=\"http:\/\/dodoac.org\/wp-content\/uploads\/2018\/01\/Expo34.jpg\" alt=\"\" width=\"720\" height=\"540\" srcset=\"https:\/\/dodoac.org\/wp-content\/uploads\/2018\/01\/Expo34.jpg 720w, https:\/\/dodoac.org\/wp-content\/uploads\/2018\/01\/Expo34-300x225.jpg 300w\" sizes=\"auto, (max-width: 720px) 100vw, 720px\" \/><img loading=\"lazy\" decoding=\"async\" class=\"aligncenter wp-image-249 size-full\" src=\"http:\/\/dodoac.org\/wp-content\/uploads\/2018\/01\/Expo35.jpg\" alt=\"\" width=\"720\" height=\"540\" srcset=\"https:\/\/dodoac.org\/wp-content\/uploads\/2018\/01\/Expo35.jpg 720w, https:\/\/dodoac.org\/wp-content\/uploads\/2018\/01\/Expo35-300x225.jpg 300w\" sizes=\"auto, (max-width: 720px) 100vw, 720px\" \/><img loading=\"lazy\" decoding=\"async\" class=\"aligncenter wp-image-250 size-full\" src=\"http:\/\/dodoac.org\/wp-content\/uploads\/2018\/01\/Expo36.jpg\" alt=\"\" width=\"720\" height=\"540\" srcset=\"https:\/\/dodoac.org\/wp-content\/uploads\/2018\/01\/Expo36.jpg 720w, https:\/\/dodoac.org\/wp-content\/uploads\/2018\/01\/Expo36-300x225.jpg 300w\" sizes=\"auto, (max-width: 720px) 100vw, 720px\" \/><img loading=\"lazy\" decoding=\"async\" class=\"aligncenter wp-image-251 size-full\" src=\"http:\/\/dodoac.org\/wp-content\/uploads\/2018\/01\/Expo37.jpg\" alt=\"\" width=\"720\" height=\"540\" srcset=\"https:\/\/dodoac.org\/wp-content\/uploads\/2018\/01\/Expo37.jpg 720w, https:\/\/dodoac.org\/wp-content\/uploads\/2018\/01\/Expo37-300x225.jpg 300w\" sizes=\"auto, (max-width: 720px) 100vw, 720px\" \/><img loading=\"lazy\" decoding=\"async\" class=\"aligncenter wp-image-252 size-full\" src=\"http:\/\/dodoac.org\/wp-content\/uploads\/2018\/01\/Expo38.jpg\" alt=\"\" width=\"720\" height=\"540\" srcset=\"https:\/\/dodoac.org\/wp-content\/uploads\/2018\/01\/Expo38.jpg 720w, https:\/\/dodoac.org\/wp-content\/uploads\/2018\/01\/Expo38-300x225.jpg 300w\" sizes=\"auto, (max-width: 720px) 100vw, 720px\" \/><img loading=\"lazy\" decoding=\"async\" class=\"aligncenter wp-image-253 size-full\" src=\"http:\/\/dodoac.org\/wp-content\/uploads\/2018\/01\/Expo39.jpg\" alt=\"\" width=\"720\" height=\"540\" srcset=\"https:\/\/dodoac.org\/wp-content\/uploads\/2018\/01\/Expo39.jpg 720w, https:\/\/dodoac.org\/wp-content\/uploads\/2018\/01\/Expo39-300x225.jpg 300w\" sizes=\"auto, (max-width: 720px) 100vw, 720px\" \/> <a href=\"http:\/\/dodoac.org\/wp-content\/uploads\/2017\/07\/7.jpg\"><img loading=\"lazy\" decoding=\"async\" class=\"aligncenter size-full wp-image-186\" src=\"http:\/\/dodoac.org\/wp-content\/uploads\/2017\/07\/7.jpg\" alt=\"\" width=\"720\" height=\"540\" srcset=\"https:\/\/dodoac.org\/wp-content\/uploads\/2017\/07\/7.jpg 720w, https:\/\/dodoac.org\/wp-content\/uploads\/2017\/07\/7-300x225.jpg 300w\" sizes=\"auto, (max-width: 720px) 100vw, 720px\" \/><\/a> <a href=\"http:\/\/dodoac.org\/wp-content\/uploads\/2017\/07\/8.jpg\"><img loading=\"lazy\" decoding=\"async\" class=\"aligncenter size-full wp-image-187\" src=\"http:\/\/dodoac.org\/wp-content\/uploads\/2017\/07\/8.jpg\" alt=\"\" width=\"720\" height=\"540\" srcset=\"https:\/\/dodoac.org\/wp-content\/uploads\/2017\/07\/8.jpg 720w, https:\/\/dodoac.org\/wp-content\/uploads\/2017\/07\/8-300x225.jpg 300w\" sizes=\"auto, (max-width: 720px) 100vw, 720px\" \/><img loading=\"lazy\" decoding=\"async\" class=\"aligncenter wp-image-255 size-full\" src=\"http:\/\/dodoac.org\/wp-content\/uploads\/2018\/01\/Expo51.jpg\" alt=\"\" width=\"1000\" height=\"667\" srcset=\"https:\/\/dodoac.org\/wp-content\/uploads\/2018\/01\/Expo51.jpg 1000w, https:\/\/dodoac.org\/wp-content\/uploads\/2018\/01\/Expo51-300x200.jpg 300w, https:\/\/dodoac.org\/wp-content\/uploads\/2018\/01\/Expo51-768x512.jpg 768w\" sizes=\"auto, (max-width: 1000px) 100vw, 1000px\" \/><\/a><\/p>\n<\/div>\n","protected":false},"excerpt":{"rendered":"<p>Los pastizales templados de Norteam\u00e9rica han jugado un papel fundamental en la historia de las tres naciones que comparten este ecosistema, y los alimentos que aqu\u00ed se producen llegan a cientos de millones de personas. A pesar de esto, la importancia de los pastizales en el mantenimiento de servicios ambientales y de la riqueza biol\u00f3gica [&hellip;]<\/p>\n","protected":false},"author":1,"featured_media":0,"parent":2,"menu_order":0,"comment_status":"closed","ping_status":"closed","template":"","meta":{"footnotes":""},"class_list":["post-179","page","type-page","status-publish","hentry"],"blocksy_meta":[],"_links":{"self":[{"href":"https:\/\/dodoac.org\/index.php\/wp-json\/wp\/v2\/pages\/179","targetHints":{"allow":["GET"]}}],"collection":[{"href":"https:\/\/dodoac.org\/index.php\/wp-json\/wp\/v2\/pages"}],"about":[{"href":"https:\/\/dodoac.org\/index.php\/wp-json\/wp\/v2\/types\/page"}],"author":[{"embeddable":true,"href":"https:\/\/dodoac.org\/index.php\/wp-json\/wp\/v2\/users\/1"}],"replies":[{"embeddable":true,"href":"https:\/\/dodoac.org\/index.php\/wp-json\/wp\/v2\/comments?post=179"}],"version-history":[{"count":6,"href":"https:\/\/dodoac.org\/index.php\/wp-json\/wp\/v2\/pages\/179\/revisions"}],"predecessor-version":[{"id":214,"href":"https:\/\/dodoac.org\/index.php\/wp-json\/wp\/v2\/pages\/179\/revisions\/214"}],"up":[{"embeddable":true,"href":"https:\/\/dodoac.org\/index.php\/wp-json\/wp\/v2\/pages\/2"}],"wp:attachment":[{"href":"https:\/\/dodoac.org\/index.php\/wp-json\/wp\/v2\/media?parent=179"}],"curies":[{"name":"wp","href":"https:\/\/api.w.org\/{rel}","templated":true}]}}