{"id":364,"date":"2018-11-12T03:49:09","date_gmt":"2018-11-12T03:49:09","guid":{"rendered":"http:\/\/dodoac.org\/?page_id=364"},"modified":"2025-02-17T21:13:40","modified_gmt":"2025-02-17T21:13:40","slug":"vida-saludable-y-sustentable","status":"publish","type":"page","link":"https:\/\/dodoac.org\/index.php\/vida-saludable-y-sustentable\/","title":{"rendered":"Vida saludable y sustentable"},"content":{"rendered":"<p>Te damos una serie de peque\u00f1os tips para que vivas una vida m\u00e1s saludable y sustentable. Todos podemos hacer peque\u00f1os cambios que beneficien nuestra salud y la del planeta. Puedes ir a\u00f1adiendo una acci\u00f3n por mes, de esta manera te ser\u00e1 f\u00e1cil adoptar estas estrategias.<\/p>\n<p>Gracias por ser parte del cambio. Entre todos lo podemos lograr.<\/p>\n<p>Descarga la infograf\u00eda <a href=\"http:\/\/dodoac.org\/wp-content\/uploads\/2025\/02\/Infografia-con-arbol-1.png\">aqu\u00ed<\/a><\/p>\n\n\n<figure class=\"wp-block-image size-large\"><img loading=\"lazy\" decoding=\"async\" width=\"634\" height=\"1024\" src=\"https:\/\/dodoac.org\/wp-content\/uploads\/2025\/02\/Infografia-con-arbol-634x1024.png\" alt=\"\" class=\"wp-image-610\" srcset=\"https:\/\/dodoac.org\/wp-content\/uploads\/2025\/02\/Infografia-con-arbol-634x1024.png 634w, https:\/\/dodoac.org\/wp-content\/uploads\/2025\/02\/Infografia-con-arbol-186x300.png 186w, https:\/\/dodoac.org\/wp-content\/uploads\/2025\/02\/Infografia-con-arbol-93x150.png 93w, https:\/\/dodoac.org\/wp-content\/uploads\/2025\/02\/Infografia-con-arbol-768x1241.png 768w, https:\/\/dodoac.org\/wp-content\/uploads\/2025\/02\/Infografia-con-arbol-951x1536.png 951w, https:\/\/dodoac.org\/wp-content\/uploads\/2025\/02\/Infografia-con-arbol-1268x2048.png 1268w\" sizes=\"auto, (max-width: 634px) 100vw, 634px\" \/><\/figure>\n","protected":false},"excerpt":{"rendered":"<p>Te damos una serie de peque\u00f1os tips para que vivas una vida m\u00e1s saludable y sustentable. Todos podemos hacer peque\u00f1os cambios que beneficien nuestra salud y la del planeta. Puedes ir a\u00f1adiendo una acci\u00f3n por mes, de esta manera te ser\u00e1 f\u00e1cil adoptar estas estrategias. Gracias por ser parte del cambio. Entre todos lo podemos [&hellip;]<\/p>\n","protected":false},"author":1,"featured_media":0,"parent":0,"menu_order":0,"comment_status":"closed","ping_status":"closed","template":"","meta":{"footnotes":""},"class_list":["post-364","page","type-page","status-publish","hentry"],"blocksy_meta":[],"_links":{"self":[{"href":"https:\/\/dodoac.org\/index.php\/wp-json\/wp\/v2\/pages\/364","targetHints":{"allow":["GET"]}}],"collection":[{"href":"https:\/\/dodoac.org\/index.php\/wp-json\/wp\/v2\/pages"}],"about":[{"href":"https:\/\/dodoac.org\/index.php\/wp-json\/wp\/v2\/types\/page"}],"author":[{"embeddable":true,"href":"https:\/\/dodoac.org\/index.php\/wp-json\/wp\/v2\/users\/1"}],"replies":[{"embeddable":true,"href":"https:\/\/dodoac.org\/index.php\/wp-json\/wp\/v2\/comments?post=364"}],"version-history":[{"count":8,"href":"https:\/\/dodoac.org\/index.php\/wp-json\/wp\/v2\/pages\/364\/revisions"}],"predecessor-version":[{"id":613,"href":"https:\/\/dodoac.org\/index.php\/wp-json\/wp\/v2\/pages\/364\/revisions\/613"}],"wp:attachment":[{"href":"https:\/\/dodoac.org\/index.php\/wp-json\/wp\/v2\/media?parent=364"}],"curies":[{"name":"wp","href":"https:\/\/api.w.org\/{rel}","templated":true}]}}