{"id":66,"date":"2016-03-24T23:47:56","date_gmt":"2016-03-24T23:47:56","guid":{"rendered":"http:\/\/dodoac.org\/?page_id=66"},"modified":"2020-05-02T00:46:53","modified_gmt":"2020-05-02T00:46:53","slug":"quienes-somos","status":"publish","type":"page","link":"https:\/\/dodoac.org\/","title":{"rendered":"\u00bfQui\u00e9nes somos?"},"content":{"rendered":"<p class=\"font_8\">Somos una asociaci\u00f3n civil sin fines de lucro fundada en 1983 por un grupo de j\u00f3venes estudiantes interesados en la conservaci\u00f3n de la naturaleza.<\/p>\n<p class=\"font_8\"><span class=\"wixGuard\">\u200b<\/span>Las actividades de la Agrupaci\u00f3n Dodo han estado dirigidas a hacer conciencia sobre los problemas ambientales y a proponer soluciones, principalmente a trav\u00e9s de publicaciones, programas de educaci\u00f3n ambiental y materiales educativos y de divulgaci\u00f3n.<\/p>\n<p><img loading=\"lazy\" decoding=\"async\" class=\"wp-image-170 aligncenter\" src=\"http:\/\/dodoac.org\/wp-content\/uploads\/2017\/07\/94516c_f535b9f0369a4456b912fc595e802315mv2-233x300.jpg\" alt=\"\" width=\"225\" height=\"290\" srcset=\"https:\/\/dodoac.org\/wp-content\/uploads\/2017\/07\/94516c_f535b9f0369a4456b912fc595e802315mv2-233x300.jpg 233w, https:\/\/dodoac.org\/wp-content\/uploads\/2017\/07\/94516c_f535b9f0369a4456b912fc595e802315mv2-768x990.jpg 768w, https:\/\/dodoac.org\/wp-content\/uploads\/2017\/07\/94516c_f535b9f0369a4456b912fc595e802315mv2-794x1024.jpg 794w, https:\/\/dodoac.org\/wp-content\/uploads\/2017\/07\/94516c_f535b9f0369a4456b912fc595e802315mv2.jpg 884w\" sizes=\"auto, (max-width: 225px) 100vw, 225px\" \/><\/p>\n<p>Estos son los primeros boletines que publicamos. Eran elaborados manualmente. Son parte de nuestra memoria hist\u00f3rica.<\/p>\n<p><a href=\"http:\/\/dodoac.org\/wp-content\/uploads\/2016\/03\/Boletin-Dodo-1.pdf\" target=\"_blank\" rel=\"noopener noreferrer\"><img loading=\"lazy\" decoding=\"async\" class=\"alignnone wp-image-268\" src=\"http:\/\/dodoac.org\/wp-content\/uploads\/2018\/01\/Boletin-1-web-246x300.jpg\" alt=\"\" width=\"175\" height=\"214\" srcset=\"https:\/\/dodoac.org\/wp-content\/uploads\/2018\/01\/Boletin-1-web-246x300.jpg 246w, https:\/\/dodoac.org\/wp-content\/uploads\/2018\/01\/Boletin-1-web-123x150.jpg 123w, https:\/\/dodoac.org\/wp-content\/uploads\/2018\/01\/Boletin-1-web.jpg 468w\" sizes=\"auto, (max-width: 175px) 100vw, 175px\" \/><\/a>\u00a0 \u00a0 \u00a0 <a href=\"http:\/\/dodoac.org\/wp-content\/uploads\/2016\/03\/Boletin-Dodo-2.pdf\" target=\"_blank\" rel=\"noopener noreferrer\"><img loading=\"lazy\" decoding=\"async\" class=\"alignnone wp-image-269\" src=\"http:\/\/dodoac.org\/wp-content\/uploads\/2018\/01\/Boletin-2-web-237x300.jpg\" alt=\"\" width=\"168\" height=\"212\" srcset=\"https:\/\/dodoac.org\/wp-content\/uploads\/2018\/01\/Boletin-2-web-237x300.jpg 237w, https:\/\/dodoac.org\/wp-content\/uploads\/2018\/01\/Boletin-2-web-118x150.jpg 118w, https:\/\/dodoac.org\/wp-content\/uploads\/2018\/01\/Boletin-2-web.jpg 447w\" sizes=\"auto, (max-width: 168px) 100vw, 168px\" \/><\/a>\u00a0 \u00a0 \u00a0<a href=\"http:\/\/dodoac.org\/wp-content\/uploads\/2018\/01\/Boletin-3-Baja-1.pdf\" target=\"_blank\" rel=\"noopener noreferrer\"><img loading=\"lazy\" decoding=\"async\" class=\"alignnone wp-image-270\" src=\"http:\/\/dodoac.org\/wp-content\/uploads\/2018\/01\/Boletin-3-web-232x300.jpg\" alt=\"\" width=\"166\" height=\"214\" srcset=\"https:\/\/dodoac.org\/wp-content\/uploads\/2018\/01\/Boletin-3-web-232x300.jpg 232w, https:\/\/dodoac.org\/wp-content\/uploads\/2018\/01\/Boletin-3-web-116x150.jpg 116w, https:\/\/dodoac.org\/wp-content\/uploads\/2018\/01\/Boletin-3-web.jpg 309w\" sizes=\"auto, (max-width: 166px) 100vw, 166px\" \/><\/a><\/p>\n","protected":false},"excerpt":{"rendered":"<p>Somos una asociaci\u00f3n civil sin fines de lucro fundada en 1983 por un grupo de j\u00f3venes estudiantes interesados en la conservaci\u00f3n de la naturaleza. \u200bLas actividades de la Agrupaci\u00f3n Dodo han estado dirigidas a hacer conciencia sobre los problemas ambientales y a proponer soluciones, principalmente a trav\u00e9s de publicaciones, programas de educaci\u00f3n ambiental y materiales [&hellip;]<\/p>\n","protected":false},"author":1,"featured_media":493,"parent":0,"menu_order":0,"comment_status":"closed","ping_status":"closed","template":"","meta":{"footnotes":""},"class_list":["post-66","page","type-page","status-publish","has-post-thumbnail","hentry"],"blocksy_meta":[],"_links":{"self":[{"href":"https:\/\/dodoac.org\/index.php\/wp-json\/wp\/v2\/pages\/66","targetHints":{"allow":["GET"]}}],"collection":[{"href":"https:\/\/dodoac.org\/index.php\/wp-json\/wp\/v2\/pages"}],"about":[{"href":"https:\/\/dodoac.org\/index.php\/wp-json\/wp\/v2\/types\/page"}],"author":[{"embeddable":true,"href":"https:\/\/dodoac.org\/index.php\/wp-json\/wp\/v2\/users\/1"}],"replies":[{"embeddable":true,"href":"https:\/\/dodoac.org\/index.php\/wp-json\/wp\/v2\/comments?post=66"}],"version-history":[{"count":17,"href":"https:\/\/dodoac.org\/index.php\/wp-json\/wp\/v2\/pages\/66\/revisions"}],"predecessor-version":[{"id":527,"href":"https:\/\/dodoac.org\/index.php\/wp-json\/wp\/v2\/pages\/66\/revisions\/527"}],"wp:featuredmedia":[{"embeddable":true,"href":"https:\/\/dodoac.org\/index.php\/wp-json\/wp\/v2\/media\/493"}],"wp:attachment":[{"href":"https:\/\/dodoac.org\/index.php\/wp-json\/wp\/v2\/media?parent=66"}],"curies":[{"name":"wp","href":"https:\/\/api.w.org\/{rel}","templated":true}]}}