{"id":68,"date":"2016-03-24T23:48:18","date_gmt":"2016-03-24T23:48:18","guid":{"rendered":"http:\/\/dodoac.org\/?page_id=68"},"modified":"2020-05-02T00:48:57","modified_gmt":"2020-05-02T00:48:57","slug":"por-que-dodo","status":"publish","type":"page","link":"https:\/\/dodoac.org\/index.php\/por-que-dodo\/","title":{"rendered":"\u00bfPor qu\u00e9 Dodo?"},"content":{"rendered":"<p><a class=\"swipebox\" href=\"http:\/\/dodoac.org\/wp-content\/uploads\/2016\/03\/Dodo.jpg\" rel=\"attachment wp-att-77\"><img loading=\"lazy\" decoding=\"async\" class=\"size-large wp-image-77\" src=\"http:\/\/dodoac.org\/wp-content\/uploads\/2016\/03\/Dodo-1024x676.jpg\" alt=\"Restos del \u00faltimo dodo.\" width=\"1024\" height=\"676\" srcset=\"https:\/\/dodoac.org\/wp-content\/uploads\/2016\/03\/Dodo-1024x676.jpg 1024w, https:\/\/dodoac.org\/wp-content\/uploads\/2016\/03\/Dodo-300x198.jpg 300w, https:\/\/dodoac.org\/wp-content\/uploads\/2016\/03\/Dodo-768x507.jpg 768w\" sizes=\"auto, (max-width: 1024px) 100vw, 1024px\" \/><\/a><\/p>\n<p>El <em>dodo<\/em> es un s\u00edmbolo de la extinci\u00f3n de especies, ya en poco m\u00e1s de un siglo despu\u00e9s de su descubrimiento en 1581, el <em>dodo<\/em> desapareci\u00f3 del planeta a consecuencia de las actividades humanas. Como vestigio de su existencia solo quedaron un pico, una pata y algunas pinturas.(se han encontrado huesos, que junto con las pinturas, han servido para hacer modelos de la especie).<\/p>\n<p>El d<em>odo<\/em> era un ave de la familia de las palomas que viv\u00eda en la <em>Isla Mauricio<\/em> en el Oc\u00e9ano \u00cdndico. En esta isla no exist\u00edan depredadores y hab\u00eda alimento en abundancia, por lo que, despu\u00e9s con el tiempo perdieron la capacidad de volar y defenderse de los depredadores.<\/p>\n<p>El <em>dodo<\/em>, tambi\u00e9n llamado, <em>Dronte<\/em>, media aproximadamente 1 metro y pesaba entre 13 y 25 kilos. En 1598 llegaron a <em>Mauricio<\/em> los primeros marineros portugueses, quienes al ver esta peculiar ave que no volaba y no les ten\u00edan miedo la llamaron d<em>odo\u00a0<\/em>(en su lengua, dodo significa est\u00fapido).<\/p>\n<p>Los <em>dodos<\/em> eran f\u00e1ciles de cazar por lo que en los siguientes a\u00f1os, los barcos que pasaban por la isla cazaban muchos <em>dodos\u00a0<\/em>para alimentar a las tripulaciones.\u00a0Con los barcos tambi\u00e9n llegaron cerdos, ratas, macacos, gatos y perros, los que se alimentaron de los <em>dodos<\/em>, sus cr\u00edas y huevos hasta causar su extinci\u00f3n. La <strong>Agrupaci\u00f3n Dodo A.C.<\/strong> tomo el nombre de esta ave para recordarnos que su historia no se debe repetir.<\/p>\n<p>Restos del \u00faltimo dodo.<\/p>\n<p><img loading=\"lazy\" decoding=\"async\" class=\"alignnone  wp-image-282\" src=\"http:\/\/dodoac.org\/wp-content\/uploads\/2018\/01\/pico-300x225.jpg\" alt=\"\" width=\"266\" height=\"200\" srcset=\"https:\/\/dodoac.org\/wp-content\/uploads\/2018\/01\/pico-300x225.jpg 300w, https:\/\/dodoac.org\/wp-content\/uploads\/2018\/01\/pico-150x113.jpg 150w, https:\/\/dodoac.org\/wp-content\/uploads\/2018\/01\/pico-768x576.jpg 768w, https:\/\/dodoac.org\/wp-content\/uploads\/2018\/01\/pico.jpg 800w\" sizes=\"auto, (max-width: 266px) 100vw, 266px\" \/>\u00a0 <a class=\"swipebox\" href=\"http:\/\/dodoac.org\/wp-content\/uploads\/2016\/03\/Dodo.jpg\" rel=\"attachment wp-att-77\"><img loading=\"lazy\" decoding=\"async\" class=\"alignnone  wp-image-280\" src=\"http:\/\/dodoac.org\/wp-content\/uploads\/2018\/01\/Patas-recortadas-288x300.jpg\" alt=\"\" width=\"193\" height=\"201\" srcset=\"https:\/\/dodoac.org\/wp-content\/uploads\/2018\/01\/Patas-recortadas-288x300.jpg 288w, https:\/\/dodoac.org\/wp-content\/uploads\/2018\/01\/Patas-recortadas-144x150.jpg 144w, https:\/\/dodoac.org\/wp-content\/uploads\/2018\/01\/Patas-recortadas.jpg 447w\" sizes=\"auto, (max-width: 193px) 100vw, 193px\" \/><\/a><\/p>\n","protected":false},"excerpt":{"rendered":"<p>El dodo es un s\u00edmbolo de la extinci\u00f3n de especies, ya en poco m\u00e1s de un siglo despu\u00e9s de su descubrimiento en 1581, el dodo desapareci\u00f3 del planeta a consecuencia de las actividades humanas. Como vestigio de su existencia solo quedaron un pico, una pata y algunas pinturas.(se han encontrado huesos, que junto con las [&hellip;]<\/p>\n","protected":false},"author":1,"featured_media":0,"parent":0,"menu_order":0,"comment_status":"closed","ping_status":"closed","template":"","meta":{"footnotes":""},"class_list":["post-68","page","type-page","status-publish","hentry"],"blocksy_meta":[],"_links":{"self":[{"href":"https:\/\/dodoac.org\/index.php\/wp-json\/wp\/v2\/pages\/68","targetHints":{"allow":["GET"]}}],"collection":[{"href":"https:\/\/dodoac.org\/index.php\/wp-json\/wp\/v2\/pages"}],"about":[{"href":"https:\/\/dodoac.org\/index.php\/wp-json\/wp\/v2\/types\/page"}],"author":[{"embeddable":true,"href":"https:\/\/dodoac.org\/index.php\/wp-json\/wp\/v2\/users\/1"}],"replies":[{"embeddable":true,"href":"https:\/\/dodoac.org\/index.php\/wp-json\/wp\/v2\/comments?post=68"}],"version-history":[{"count":9,"href":"https:\/\/dodoac.org\/index.php\/wp-json\/wp\/v2\/pages\/68\/revisions"}],"predecessor-version":[{"id":530,"href":"https:\/\/dodoac.org\/index.php\/wp-json\/wp\/v2\/pages\/68\/revisions\/530"}],"wp:attachment":[{"href":"https:\/\/dodoac.org\/index.php\/wp-json\/wp\/v2\/media?parent=68"}],"curies":[{"name":"wp","href":"https:\/\/api.w.org\/{rel}","templated":true}]}}